{"id":5555,"date":"2026-02-12T17:58:55","date_gmt":"2026-02-12T17:58:55","guid":{"rendered":"https:\/\/jimo.pt\/?page_id=5555"},"modified":"2026-02-12T18:43:27","modified_gmt":"2026-02-12T18:43:27","slug":"merci","status":"publish","type":"page","link":"https:\/\/jimo.pt\/fr\/merci\/","title":{"rendered":"Obrigado"},"content":{"rendered":"<div data-elementor-type=\"wp-page\" data-elementor-id=\"5555\" class=\"elementor elementor-5555\" data-elementor-post-type=\"page\">\n\t\t\t\t<div class=\"elementor-element elementor-element-ebd9ce2 e-flex e-con-boxed elementor-invisible e-con e-parent\" data-id=\"ebd9ce2\" data-element_type=\"container\" data-e-type=\"container\" data-settings=\"{&quot;background_background&quot;:&quot;classic&quot;,&quot;animation&quot;:&quot;fadeInUp&quot;}\">\n\t\t\t\t\t<div class=\"e-con-inner\">\n\t\t\t\t<div class=\"elementor-element elementor-element-67cf19c elementor-widget elementor-widget-image\" data-id=\"67cf19c\" data-element_type=\"widget\" data-e-type=\"widget\" data-widget_type=\"image.default\">\n\t\t\t\t\t\t\t\t\t\t\t\t\t\t\t<img decoding=\"async\" width=\"156\" height=\"69\" src=\"https:\/\/jimo.pt\/wp-content\/uploads\/2026\/01\/logo-png-smtp.png\" class=\"attachment-large size-large wp-image-5481\" alt=\"\" \/>\t\t\t\t\t\t\t\t\t\t\t\t\t\t\t<\/div>\n\t\t\t\t<div class=\"elementor-element elementor-element-cfe57c8 elementor-widget elementor-widget-heading\" data-id=\"cfe57c8\" data-element_type=\"widget\" data-e-type=\"widget\" data-widget_type=\"heading.default\">\n\t\t\t\t\t<h1 class=\"elementor-heading-title elementor-size-default\">Merci de votre attention !<\/h1>\t\t\t\t<\/div>\n\t\t\t\t<div class=\"elementor-element elementor-element-96abfca elementor-widget elementor-widget-heading\" data-id=\"96abfca\" data-element_type=\"widget\" data-e-type=\"widget\" data-widget_type=\"heading.default\">\n\t\t\t\t\t<h1 class=\"elementor-heading-title elementor-size-default\">Votre bon a \u00e9t\u00e9 envoy\u00e9.<\/h1>\t\t\t\t<\/div>\n\t\t\t\t<div class=\"elementor-element elementor-element-c0585b4 elementor-widget__width-initial elementor-widget elementor-widget-text-editor\" data-id=\"c0585b4\" data-element_type=\"widget\" data-e-type=\"widget\" data-widget_type=\"text-editor.default\">\n\t\t\t\t\t\t\t\t\t<p>Notre \u00e9quipe validera vos coordonn\u00e9es et vous contactera rapidement pour vous confirmer que la r\u00e9duction a bien \u00e9t\u00e9 appliqu\u00e9e.<\/p>\t\t\t\t\t\t\t\t<\/div>\n\t\t\t\t<div class=\"elementor-element elementor-element-d14ef54 elementor-widget elementor-widget-button\" data-id=\"d14ef54\" data-element_type=\"widget\" data-e-type=\"widget\" data-widget_type=\"button.default\">\n\t\t\t\t\t\t\t\t\t\t<a class=\"elementor-button elementor-button-link elementor-size-sm\" href=\"https:\/\/jimo.pt\/fr\">\n\t\t\t\t\t\t<span class=\"elementor-button-content-wrapper\">\n\t\t\t\t\t\t\t\t\t<span class=\"elementor-button-text\">Haut de page<\/span>\n\t\t\t\t\t<\/span>\n\t\t\t\t\t<\/a>\n\t\t\t\t\t\t\t\t<\/div>\n\t\t\t\t\t<\/div>\n\t\t\t\t<\/div>\n\t\t\t\t<\/div>","protected":false},"excerpt":{"rendered":"<p>Obrigado! O seu voucher foi enviado. A nossa equipa ir\u00e1 validar os seus dados e entrar em contacto brevemente para confirmar a [&hellip;]<\/p>\n","protected":false},"author":1,"featured_media":0,"parent":0,"menu_order":0,"comment_status":"closed","ping_status":"closed","template":"elementor_canvas","meta":{"footnotes":""},"class_list":["post-5555","page","type-page","status-publish","hentry"],"_links":{"self":[{"href":"https:\/\/jimo.pt\/fr\/wp-json\/wp\/v2\/pages\/5555","targetHints":{"allow":["GET"]}}],"collection":[{"href":"https:\/\/jimo.pt\/fr\/wp-json\/wp\/v2\/pages"}],"about":[{"href":"https:\/\/jimo.pt\/fr\/wp-json\/wp\/v2\/types\/page"}],"author":[{"embeddable":true,"href":"https:\/\/jimo.pt\/fr\/wp-json\/wp\/v2\/users\/1"}],"replies":[{"embeddable":true,"href":"https:\/\/jimo.pt\/fr\/wp-json\/wp\/v2\/comments?post=5555"}],"version-history":[{"count":4,"href":"https:\/\/jimo.pt\/fr\/wp-json\/wp\/v2\/pages\/5555\/revisions"}],"predecessor-version":[{"id":5560,"href":"https:\/\/jimo.pt\/fr\/wp-json\/wp\/v2\/pages\/5555\/revisions\/5560"}],"wp:attachment":[{"href":"https:\/\/jimo.pt\/fr\/wp-json\/wp\/v2\/media?parent=5555"}],"curies":[{"name":"wp","href":"https:\/\/api.w.org\/{rel}","templated":true}]}}