{"id":4961,"date":"2026-01-05T12:43:29","date_gmt":"2026-01-05T12:43:29","guid":{"rendered":"https:\/\/jimo.pt\/?page_id=4961"},"modified":"2026-01-05T12:47:52","modified_gmt":"2026-01-05T12:47:52","slug":"politique-en-matiere-de-cookies","status":"publish","type":"page","link":"https:\/\/jimo.pt\/fr\/politique-en-matiere-de-cookies\/","title":{"rendered":"Politique en mati\u00e8re de cookies"},"content":{"rendered":"<div data-elementor-type=\"wp-page\" data-elementor-id=\"4961\" class=\"elementor elementor-4961\" data-elementor-post-type=\"page\">\n\t\t\t\t<div class=\"elementor-element elementor-element-66fed2e e-flex e-con-boxed e-con e-parent\" data-id=\"66fed2e\" data-element_type=\"container\" data-e-type=\"container\" data-settings=\"{&quot;background_background&quot;:&quot;classic&quot;}\">\n\t\t\t\t\t<div class=\"e-con-inner\">\n\t\t<div class=\"elementor-element elementor-element-f22ae23 e-con-full e-flex e-con e-child\" data-id=\"f22ae23\" data-element_type=\"container\" data-e-type=\"container\">\n\t\t\t\t<div class=\"elementor-element elementor-element-796a85d elementor-widget elementor-widget-heading\" data-id=\"796a85d\" data-element_type=\"widget\" data-e-type=\"widget\" data-widget_type=\"heading.default\">\n\t\t\t\t\t<h1 class=\"elementor-heading-title elementor-size-default\">Politique en mati\u00e8re de cookies<\/h1>\t\t\t\t<\/div>\n\t\t\t\t<div class=\"elementor-element elementor-element-860a821 elementor-widget elementor-widget-eael-breadcrumbs\" data-id=\"860a821\" data-element_type=\"widget\" data-e-type=\"widget\" data-widget_type=\"eael-breadcrumbs.default\">\n\t\t\t\t<div class=\"elementor-widget-container\">\n\t\t\t\t\t\t\t<div class=\"eael-breadcrumbs\">\n\t\t\t<div class=\"eael-breadcrumbs__content\"><a href=\"https:\/\/jimo.pt\/fr\">Accueil<\/a> <span class=\"eael-breadcrumb-separator\">\/<\/span> <span class = \"eael-current\">Page<\/span><\/div>\t\t<\/div>\n\t\t\t\t\t\t<\/div>\n\t\t\t\t<\/div>\n\t\t\t\t<\/div>\n\t\t\t\t\t<\/div>\n\t\t\t\t<\/div>\n\t\t<div class=\"elementor-element elementor-element-ebd9ce2 e-flex e-con-boxed elementor-invisible e-con e-parent\" data-id=\"ebd9ce2\" data-element_type=\"container\" data-e-type=\"container\" data-settings=\"{&quot;background_background&quot;:&quot;classic&quot;,&quot;animation&quot;:&quot;fadeInUp&quot;}\">\n\t\t\t\t\t<div class=\"e-con-inner\">\n\t\t<div class=\"elementor-element elementor-element-8fa7267 e-con-full e-flex e-con e-child\" data-id=\"8fa7267\" data-element_type=\"container\" data-e-type=\"container\">\n\t\t\t\t<div class=\"elementor-element elementor-element-f48f0c5 elementor-widget elementor-widget-text-editor\" data-id=\"f48f0c5\" data-element_type=\"widget\" data-e-type=\"widget\" data-widget_type=\"text-editor.default\">\n\t\t\t\t\t\t\t\t\t<p>Nous utilisons des cookies sur notre site web pour am\u00e9liorer les performances et votre exp\u00e9rience d'utilisateur. Cette page explique comment nous proc\u00e9dons.<\/p><h3><strong>Qu'est-ce qu'un biscuit ?<\/strong><\/h3><p>Les cookies sont de petits fichiers texte qu'un site web place sur votre ordinateur ou votre appareil mobile via votre navigateur lorsque vous le visitez. L'installation de cookies permet au site web de reconna\u00eetre votre appareil lors de votre prochaine visite.<\/p><p>Dans la pr\u00e9sente politique, nous utilisons le terme \"cookies\" pour d\u00e9signer tous les fichiers qui collectent des informations de cette mani\u00e8re.<\/p><p>Les cookies utilis\u00e9s ne collectent pas d'informations permettant d'identifier l'utilisateur. Les cookies recueillent des informations g\u00e9n\u00e9riques, telles que la mani\u00e8re dont les utilisateurs arrivent sur les sites et les utilisent, ou la r\u00e9gion du\/des pays par laquelle\/lesquels ils acc\u00e8dent au site, etc.<\/p><p>Les cookies ne conservent que les informations relatives \u00e0 vos pr\u00e9f\u00e9rences.<\/p><p>\u00c0 tout moment, l'utilisateur peut choisir d'\u00eatre inform\u00e9 de la r\u00e9ception de cookies via son navigateur ou de bloquer leur entr\u00e9e dans son syst\u00e8me.<\/p><p>En refusant d'utiliser des cookies sur le site web, vous risquez de ne pas pouvoir acc\u00e9der \u00e0 certaines parties du site ou de ne pas recevoir d'informations personnalis\u00e9es.<\/p><h3><strong>\u00c0 quoi servent les cookies ?<\/strong><\/h3><p>Les cookies sont utilis\u00e9s pour aider \u00e0 d\u00e9terminer l'utilit\u00e9, l'int\u00e9r\u00eat et le nombre d'utilisations des sites web, permettant une navigation plus rapide et plus efficace et \u00e9liminant la n\u00e9cessit\u00e9 de saisir plusieurs fois les m\u00eames informations.<\/p><h3><strong>Quels types de cookies utilisons-nous ?<\/strong><\/h3><p>Nos cookies ont diff\u00e9rentes fonctions :<\/p><p>\u2013\u00a0<strong>Cookies essentiels<\/strong>\u00a0- Certains cookies sont indispensables pour acc\u00e9der \u00e0 des zones sp\u00e9cifiques de notre site web.<\/p><p>Ils vous permettent de naviguer sur le site et d'utiliser ses applications, par exemple d'acc\u00e9der \u00e0 des zones s\u00e9curis\u00e9es du site en vous connectant. Sans ces cookies, les services qui les requi\u00e8rent ne peuvent \u00eatre fournis.<\/p><p>\u2013\u00a0<strong>Cookies analytiques<\/strong>\u00a0- Nous utilisons ces cookies pour analyser la mani\u00e8re dont les utilisateurs utilisent le site et contr\u00f4ler ses performances. Cela nous permet de fournir une exp\u00e9rience de haute qualit\u00e9 en personnalisant notre offre et en identifiant et en corrigeant rapidement tout probl\u00e8me qui pourrait survenir. Par exemple, nous utilisons des cookies de performance pour savoir quelles pages sont les plus populaires, quelle m\u00e9thode de liaison entre les pages est la plus efficace ou pour d\u00e9terminer pourquoi certaines pages re\u00e7oivent des messages d'erreur. Sur la base de l'utilisation du site, nous pouvons \u00e9galement utiliser ces cookies pour mettre en \u00e9vidence des articles ou des services sur le site que nous pensons susceptibles d'int\u00e9resser les utilisateurs. Ces cookies ne sont utilis\u00e9s qu'\u00e0 des fins de cr\u00e9ation et d'analyse de statistiques, sans jamais collecter d'informations personnelles.<\/p><p>\u2013\u00a0<strong>Cookies de fonctionnalit\u00e9<\/strong>\u00a0- Nous utilisons des cookies de fonctionnalit\u00e9 pour nous permettre de m\u00e9moriser les pr\u00e9f\u00e9rences des utilisateurs. Par exemple, les cookies \u00e9vitent de taper le nom de l'utilisateur \u00e0 chaque fois qu'il acc\u00e8de au site.<\/p><p>Nous utilisons \u00e9galement des cookies de fonctionnalit\u00e9 pour fournir des services avanc\u00e9s \u00e0 l'utilisateur, tels que les commentaires sur un article.<\/p><p>En bref, les cookies de fonctionnalit\u00e9 stockent les pr\u00e9f\u00e9rences de l'utilisateur concernant l'utilisation du site, de sorte que vous n'ayez pas \u00e0 reconfigurer le site \u00e0 chaque fois que vous le visitez.<\/p><p>\u2013\u00a0<strong>Cookies de tiers<\/strong>\u00a0- Ils servent \u00e0 mesurer le succ\u00e8s des applications et l'efficacit\u00e9 de la publicit\u00e9 de tiers.<\/p><p>\u2013\u00a0<strong>Cookies publicitaires<\/strong>\u00a0- Ils servent \u00e0 cibler la publicit\u00e9 en fonction des int\u00e9r\u00eats de chaque utilisateur, ce qui permet de limiter le nombre de fois o\u00f9 la publicit\u00e9 est vue. Ces cookies aident \u00e0 mesurer l'efficacit\u00e9 de la publicit\u00e9. Cependant, ils ne permettent pas d'identifier l'utilisateur<\/p><h3><strong>Les cookies utilis\u00e9s peuvent \u00eatre :<\/strong><\/h3><p>\u2013\u00a0<strong>Cookies permanents<\/strong>\u00a0-Elles sont stock\u00e9es dans le navigateur de vos dispositifs d'acc\u00e8s (PC, mobile et tablette) et sont utilis\u00e9es \u00e0 chaque nouvelle visite de l'utilisateur sur le site. Ils sont g\u00e9n\u00e9ralement utilis\u00e9s pour orienter la navigation en fonction des int\u00e9r\u00eats de l'utilisateur, ce qui nous permet de fournir un service plus personnalis\u00e9.<\/p><p>\u2013\u00a0<strong>Cookies de session<\/strong>\u00a0- Ils sont temporaires et restent dans les cookies de votre navigateur jusqu'\u00e0 ce que vous quittiez le site. Les informations obtenues nous permettent d'identifier les probl\u00e8mes et d'offrir une meilleure exp\u00e9rience de navigation.<\/p><h3><strong>L'utilisation de cookies peut \u00eatre bloqu\u00e9e<\/strong><\/h3><p>Comme nous l'avons expliqu\u00e9, les cookies vous aident \u00e0 tirer le meilleur parti de nos sites web.<\/p><p>Apr\u00e8s avoir autoris\u00e9 l'utilisation de cookies, l'utilisateur peut toujours d\u00e9sactiver tout ou partie de nos cookies. Tous les navigateurs Internet permettent \u00e0 l'utilisateur d'accepter, de refuser ou de supprimer les cookies en g\u00e9rant les param\u00e8tres de leur navigateur.<\/p><p>Veuillez noter que si vous d\u00e9sactivez les cookies, certaines parties de notre site web peuvent ne pas fonctionner correctement.<\/p><h3><strong>Utilisation de cookies lors de l'ouverture de nos lettres d'information<\/strong><\/h3><p>Nos lettres d'information peuvent, \u00e0 des fins statistiques, contenir un \u201cpixel\u201d unique qui nous permet de savoir si elles ont \u00e9t\u00e9 ouvertes et de v\u00e9rifier les clics sur les liens ou les publicit\u00e9s contenus dans la lettre d'information.<\/p><p>L'utilisateur a toujours la possibilit\u00e9 de d\u00e9sactiver l'envoi de la lettre d'information dans son espace personnel.<\/p><p>Plus d'informations sur les cookies<\/p><p>Vous trouverez plus d'informations sur les cookies sur le lien suivant :<\/p><p><a href=\"http:\/\/www.allaboutcookies.org\/\">www.allaboutcookies.org<\/a><\/p>\t\t\t\t\t\t\t\t<\/div>\n\t\t\t\t<\/div>\n\t\t\t\t\t<\/div>\n\t\t\t\t<\/div>\n\t\t\t\t<\/div>","protected":false},"excerpt":{"rendered":"<p>Pol\u00edtica de Cookies In\u00edcio \/ P\u00e1gina Usamos cookies no nosso website para melhorar o desempenho e a sua experi\u00eancia como utilizador. Esta [&hellip;]<\/p>\n","protected":false},"author":1,"featured_media":0,"parent":0,"menu_order":0,"comment_status":"closed","ping_status":"closed","template":"","meta":{"footnotes":""},"class_list":["post-4961","page","type-page","status-publish","hentry"],"_links":{"self":[{"href":"https:\/\/jimo.pt\/fr\/wp-json\/wp\/v2\/pages\/4961","targetHints":{"allow":["GET"]}}],"collection":[{"href":"https:\/\/jimo.pt\/fr\/wp-json\/wp\/v2\/pages"}],"about":[{"href":"https:\/\/jimo.pt\/fr\/wp-json\/wp\/v2\/types\/page"}],"author":[{"embeddable":true,"href":"https:\/\/jimo.pt\/fr\/wp-json\/wp\/v2\/users\/1"}],"replies":[{"embeddable":true,"href":"https:\/\/jimo.pt\/fr\/wp-json\/wp\/v2\/comments?post=4961"}],"version-history":[{"count":4,"href":"https:\/\/jimo.pt\/fr\/wp-json\/wp\/v2\/pages\/4961\/revisions"}],"predecessor-version":[{"id":4965,"href":"https:\/\/jimo.pt\/fr\/wp-json\/wp\/v2\/pages\/4961\/revisions\/4965"}],"wp:attachment":[{"href":"https:\/\/jimo.pt\/fr\/wp-json\/wp\/v2\/media?parent=4961"}],"curies":[{"name":"wp","href":"https:\/\/api.w.org\/{rel}","templated":true}]}}