{"id":4931,"date":"2025-12-30T19:10:18","date_gmt":"2025-12-30T19:10:18","guid":{"rendered":"https:\/\/jimo.pt\/?page_id=4931"},"modified":"2025-12-30T19:11:33","modified_gmt":"2025-12-30T19:11:33","slug":"politique-de-confidentialite","status":"publish","type":"page","link":"https:\/\/jimo.pt\/fr\/politica-de-privacidade\/","title":{"rendered":"Politique de confidentialit\u00e9"},"content":{"rendered":"<div data-elementor-type=\"wp-page\" data-elementor-id=\"4931\" class=\"elementor elementor-4931\" data-elementor-post-type=\"page\">\n\t\t\t\t<div class=\"elementor-element elementor-element-66fed2e e-flex e-con-boxed e-con e-parent\" data-id=\"66fed2e\" data-element_type=\"container\" data-e-type=\"container\" data-settings=\"{&quot;background_background&quot;:&quot;classic&quot;}\">\n\t\t\t\t\t<div class=\"e-con-inner\">\n\t\t<div class=\"elementor-element elementor-element-f22ae23 e-con-full e-flex e-con e-child\" data-id=\"f22ae23\" data-element_type=\"container\" data-e-type=\"container\">\n\t\t\t\t<div class=\"elementor-element elementor-element-796a85d elementor-widget elementor-widget-heading\" data-id=\"796a85d\" data-element_type=\"widget\" data-e-type=\"widget\" data-widget_type=\"heading.default\">\n\t\t\t\t\t<h1 class=\"elementor-heading-title elementor-size-default\">Politique de confidentialit\u00e9<\/h1>\t\t\t\t<\/div>\n\t\t\t\t<div class=\"elementor-element elementor-element-860a821 elementor-widget elementor-widget-eael-breadcrumbs\" data-id=\"860a821\" data-element_type=\"widget\" data-e-type=\"widget\" data-widget_type=\"eael-breadcrumbs.default\">\n\t\t\t\t<div class=\"elementor-widget-container\">\n\t\t\t\t\t\t\t<div class=\"eael-breadcrumbs\">\n\t\t\t<div class=\"eael-breadcrumbs__content\"><a href=\"https:\/\/jimo.pt\/fr\">Accueil<\/a> <span class=\"eael-breadcrumb-separator\">\/<\/span> <span class = \"eael-current\">Page<\/span><\/div>\t\t<\/div>\n\t\t\t\t\t\t<\/div>\n\t\t\t\t<\/div>\n\t\t\t\t<\/div>\n\t\t\t\t\t<\/div>\n\t\t\t\t<\/div>\n\t\t<div class=\"elementor-element elementor-element-ebd9ce2 e-flex e-con-boxed elementor-invisible e-con e-parent\" data-id=\"ebd9ce2\" data-element_type=\"container\" data-e-type=\"container\" data-settings=\"{&quot;background_background&quot;:&quot;classic&quot;,&quot;animation&quot;:&quot;fadeInUp&quot;}\">\n\t\t\t\t\t<div class=\"e-con-inner\">\n\t\t<div class=\"elementor-element elementor-element-8fa7267 e-con-full e-flex e-con e-child\" data-id=\"8fa7267\" data-element_type=\"container\" data-e-type=\"container\">\n\t\t\t\t<div class=\"elementor-element elementor-element-f48f0c5 elementor-widget elementor-widget-text-editor\" data-id=\"f48f0c5\" data-element_type=\"widget\" data-e-type=\"widget\" data-widget_type=\"text-editor.default\">\n\t\t\t\t\t\t\t\t\t<p>A \u201c<strong>JIMO - Technologie de refroidissement<\/strong>\u201dreconna\u00eet l'importance de la protection de vos donn\u00e9es personnelles, quelle que soit leur nature, et nous valorisons avant tout l'honn\u00eatet\u00e9 et la transparence, afin de construire une relation solide et durable avec nos clients, bas\u00e9e sur la confiance et le b\u00e9n\u00e9fice mutuel. C'est pourquoi, avec l'entr\u00e9e en vigueur du nouveau R\u00e8glement g\u00e9n\u00e9ral sur la protection des donn\u00e9es de l'Union europ\u00e9enne (UE 2016\/679), nous avons d\u00e9velopp\u00e9 un ensemble de mesures de s\u00e9curit\u00e9 visant \u00e0 prot\u00e9ger vos donn\u00e9es et avons mis \u00e0 jour notre politique de confidentialit\u00e9.<\/p><p>L'objectif de cette politique de confidentialit\u00e9 est de vous expliquer la politique de traitement des donn\u00e9es personnelles de JIMO, car si vous souhaitez naviguer sur notre site web, vous devez accepter notre politique de confidentialit\u00e9.<\/p><p>Toutefois, si vous avez des questions concernant cette politique, vous pouvez nous contacter \u00e0 l'adresse \u00e9lectronique suivante :\u00a0<span id=\"cloak88139\"><a href=\"mailto:info@jimo.pt\">info@jimo.pt<\/a><\/span>.<\/p><h3>1. IDENTIFICATION DE L'ENTREPRISE<\/h3><p>1.1 Ce site web et la politique de confidentialit\u00e9 correspondante sont g\u00e9r\u00e9s par JIMO - Cooling technologie, dont le si\u00e8ge social est situ\u00e9 Rua Frei Lu\u00eds Santa Clara, n\u00ba 128 - 4490-638 P\u00f3voa de Varzim. Avec NIF :<\/p><p>1.2 En naviguant sur notre site web, vous acceptez les conditions d\u00e9crites dans la pr\u00e9sente politique de confidentialit\u00e9.<\/p><h3>2. NOS PRINCIPES<\/h3><p>2.1 Respect des souhaits du client<br \/>Nous respectons la confidentialit\u00e9 et la s\u00e9curit\u00e9 de vos donn\u00e9es personnelles, c'est pourquoi nous nous effor\u00e7ons de respecter les souhaits du client et sa gestion autonome, libre et simple de ses pr\u00e9f\u00e9rences en mati\u00e8re de confidentialit\u00e9. Par cons\u00e9quent, si vous n'\u00eates pas d'accord avec l'un des points mentionn\u00e9s dans la pr\u00e9sente politique, vous pouvez vous y opposer \u00e0 tout moment en nous contactant \u00e0 l'adresse \u00e9lectronique suivante :\u00a0<span id=\"cloak67497\"><a href=\"mailto:info@jimo.pt\">info@jimo.pt<\/a><\/span>. Nous ferons tout notre possible pour r\u00e9pondre \u00e0 vos souhaits et respecter vos pr\u00e9occupations.<\/p><p>2.2 Bonnes pratiques<br \/>JIMO, en tant que responsable du traitement des donn\u00e9es personnelles, d\u00e9termine les finalit\u00e9s et les moyens par lesquels vos donn\u00e9es personnelles sont trait\u00e9es, y compris toutes les mesures de s\u00e9curit\u00e9 applicables. Nous garantissons que vos donn\u00e9es personnelles sont trait\u00e9es au Portugal de mani\u00e8re correcte et l\u00e9gale et conform\u00e9ment aux bonnes pratiques.<\/p><p>2.4 N\u00e9cessit\u00e9 stricte<br \/>Lorsque nous traitons des donn\u00e9es qui peuvent vous identifier personnellement, directement ou indirectement, nous appliquons le principe de stricte n\u00e9cessit\u00e9. Pour cette raison, l'utilisation de vos donn\u00e9es personnelles sera toujours minimale, afin de ne pas d\u00e9passer la finalit\u00e9 initiale pour laquelle elles ont \u00e9t\u00e9 collect\u00e9es et\/ou trait\u00e9es.<\/p><h3>3. COLLECTE ET TRAITEMENT DES DONN\u00c9ES PERSONNELLES<\/h3><p>3.1 Les donn\u00e9es personnelles collect\u00e9es et trait\u00e9es par Jimo - Cooling Technologie. sont uniquement celles que vous d\u00e9clarez express\u00e9ment et sans \u00e9quivoque sur les formulaires de ce site web.<\/p><p>3.2 Les donn\u00e9es personnelles collect\u00e9es sont : le nom, le sexe, la date de naissance, l'adresse \u00e9lectronique, le t\u00e9l\u00e9phone portable, l'adresse, le num\u00e9ro de TVA.<\/p><h3>4. QUI TRAITE VOS DONN\u00c9ES PERSONNELLES<\/h3><p>4.1 Pour des raisons d'organisation et afin de pouvoir vous offrir le meilleur service possible, Jimo - Cooling Technologie travaille en collaboration avec certaines entit\u00e9s ext\u00e9rieures \u00e0 son organisation qui traiteront les donn\u00e9es personnelles des utilisateurs de ce site. Ce partage de donn\u00e9es est strictement n\u00e9cessaire \u00e0 l'ex\u00e9cution des services fournis par Jimo - Cooling Technologie, y compris la vente de produits.<\/p><p>4.2 Ces entit\u00e9s externes comprennent les fournisseurs d'h\u00e9bergement, de technologie et de services num\u00e9riques et les plateformes de marketing num\u00e9rique. Les entit\u00e9s externes susmentionn\u00e9es ont \u00e9t\u00e9 choisies par Jimo - Cooling Technologie. en raison de leur exp\u00e9rience dans le traitement des donn\u00e9es, des garanties de conformit\u00e9 aux lois et r\u00e8glements applicables, ainsi que des mesures de s\u00e9curit\u00e9 technique adopt\u00e9es par eux en ce qui concerne le traitement des donn\u00e9es \u00e0 caract\u00e8re personnel.<\/p><p>4.3 Ces entit\u00e9s externes agiront toujours conform\u00e9ment aux instructions fournies par Jimo - Cooling Technologie. et uniquement aux fins strictement n\u00e9cessaires \u00e0 leur fonction. Vos donn\u00e9es personnelles seront partag\u00e9es avec ces entit\u00e9s dans le but de :<\/p><ul><li>r\u00e9soudre les probl\u00e8mes li\u00e9s \u00e0 la vente des produits ;<\/li><li>le traitement des retours de produits des clients ;<\/li><li>autres<\/li><\/ul><h3>5. FINALIT\u00c9 DU TRAITEMENT DES DONN\u00c9ES \u00c0 CARACT\u00c8RE PERSONNEL<\/h3><p>5.1. Vos donn\u00e9es personnelles sont collect\u00e9es et trait\u00e9es par Jimo - Cooling Technologie uniquement \u00e0 des fins strictement li\u00e9es \u00e0 l'utilisation de ce site web, aux services qui y sont associ\u00e9s, au marketing direct et \u00e0 la gestion de l'assistance \u00e0 la client\u00e8le.<\/p><p>5.2 Jimo - Cooling Technologie s'efforce toujours de maintenir la relation avec ses clients et de leur fournir les avantages, informations et contenus pertinents relatifs \u00e0 notre marque. Vos donn\u00e9es ne seront trait\u00e9es que pour ces finalit\u00e9s sp\u00e9cifiques, explicites et l\u00e9gitimes et ne seront pas trait\u00e9es de mani\u00e8re incompatible avec celles-ci. Les donn\u00e9es collect\u00e9es et trait\u00e9es sont ad\u00e9quates, pertinentes et non excessives au regard de ces finalit\u00e9s.<\/p><p>5.3 Toutefois, vos donn\u00e9es \u00e0 caract\u00e8re personnel peuvent \u00e9galement \u00eatre utilis\u00e9es pour d'autres op\u00e9rations de traitement dans les limites de ces applications. En particulier, vos donn\u00e9es \u00e0 caract\u00e8re personnel peuvent \u00eatre trait\u00e9es aux fins suivantes :<\/p><p>a) lorsque vous demandez de l'aide au service d'assistance \u00e0 la client\u00e8le, nous recueillons vos donn\u00e9es personnelles (par exemple, vos nom et pr\u00e9nom, votre adresse \u00e9lectronique) uniquement dans le but de vous fournir des services d'assistance \u00e0 la client\u00e8le en rapport avec ce site et de vous offrir l'aide que vous avez demand\u00e9e ;<\/p><p>b) lorsque vous vous inscrivez \u00e0 la lettre d'information, nous collectons votre adresse \u00e9lectronique afin de vous offrir ce service ;<\/p><p>c) lorsque vous naviguez sur notre site web, nous collectons des cookies.  En fonction de la mani\u00e8re dont vous g\u00e9rez les cookies sur notre site et de la mani\u00e8re dont vous interagissez avec nous, nous utilisons certaines des informations collect\u00e9es par les cookies pour assurer le bon fonctionnement du site, mettre en \u00e9vidence le bon affichage du contenu, se souvenir de votre panier, se souvenir de votre inscription, ajuster la r\u00e9solution de votre \u00e9cran, pour am\u00e9liorer nos offres, entre autres. Ces informations comprennent les donn\u00e9es d'enregistrement, les donn\u00e9es de localisation, la dur\u00e9e de votre session, les produits que vous avez s\u00e9lectionn\u00e9s, votre \u00e9quipement, votre navigateur et votre adresse IP.<\/p><p>d) lorsque vous naviguez sur notre site web et que vous visitez ensuite des plateformes o\u00f9 il y a un format publicitaire (r\u00e9seaux sociaux, google et autres partenaires de ces r\u00e9seaux), vous pouvez \u00eatre impact\u00e9 par des publicit\u00e9s de notre marque. Nous utiliserons \u00e9galement ces donn\u00e9es pour atteindre de nouveaux clients potentiels susceptibles d'\u00eatre int\u00e9ress\u00e9s par nos produits.<\/p><p>5.4 Lorsque nous collectons des donn\u00e9es, nous indiquons les champs obligatoires par des ast\u00e9risques lorsque les donn\u00e9es en question sont n\u00e9cessaires :<\/p><p>\u25cf conclure notre contrat avec vous (par exemple pour la fourniture de produits que vous avez achet\u00e9s sur nos sites web \/ apps) ;<\/p><p>\u25cf vous fournir le service que vous avez demand\u00e9 (par exemple en vous fournissant une lettre d'information) ; ou<\/p><p>Respecter les obligations l\u00e9gales (par exemple, la facturation).<\/p><p>5.5. Vos donn\u00e9es personnelles peuvent \u00eatre communiqu\u00e9es aux prestataires de services de Jimo - Cooling Technologie dans le but de fournir des services, aux autorit\u00e9s judiciaires, fiscales et r\u00e9glementaires, dans le but de se conformer aux exigences l\u00e9gales.<\/p><h3>6. CONSENTEMENT<\/h3><p>Le respect des souhaits du client est l'une des principales pr\u00e9occupations de Jimo - Cooling Technologie lorsqu'il s'agit de traiter vos donn\u00e9es personnelles. Toutefois, nous ne voulons pas mettre en p\u00e9ril la relation que nous avons avec vous ou ne pas r\u00e9pondre \u00e0 vos attentes. Nous avons donc consid\u00e9r\u00e9 que, si vous avez maintenu une relation avec nous jusqu'\u00e0 pr\u00e9sent, il n'\u00e9tait pas n\u00e9cessaire de vous demander votre consentement. Toutefois, si vous n'\u00eates pas d'accord, vous pouvez vous y opposer \u00e0 tout moment en nous \u00e9crivant \u00e0 l'adresse suivante\u00a0<span id=\"cloak73072\"><a href=\"mailto:info@jimo.pt\">info@jimo.pt<\/a><\/span>.<\/p><h3>7. VOS DROITS<\/h3><p>7.1 Pour exercer votre droit d'acc\u00e8s, de rectification, de suppression, d'oubli ou de blocage de vos donn\u00e9es personnelles, vous pouvez envoyer une communication \u00e9crite \u00e0 l'adresse \u00e9lectronique suivante :\u00a0<span id=\"cloak12276\"><a href=\"mailto:info@jimo.pt\">info@jimo.pt<\/a><\/span>.<\/p><p>7.2 Si vous souhaitez ne plus recevoir de communications de gestion et d'am\u00e9lioration du marketing direct, vous pouvez exercer votre droit d'opposition au traitement de vos donn\u00e9es \u00e0 caract\u00e8re personnel \u00e0 tout moment : en envoyant un courrier \u00e9lectronique \u00e0 l'adresse suivante :\u00a0<span id=\"cloak1106\"><a href=\"mailto:info@jimo.pt\">info@jimo.pt<\/a><\/span><\/p><h3>10. S\u00c9CURIT\u00c9<\/h3><p>10.1 Jimo - Cooling Technologie. utilise des mesures de s\u00e9curit\u00e9 appropri\u00e9es pour prot\u00e9ger vos donn\u00e9es personnelles contre la destruction accidentelle ou ill\u00e9gale, la perte accidentelle, l'alt\u00e9ration, la divulgation ou l'acc\u00e8s non autoris\u00e9, et contre toute autre forme de traitement ill\u00e9gal. En outre, nous exigeons contractuellement des entit\u00e9s externes de confiance qui traitent vos donn\u00e9es personnelles pour nous qu'elles fassent de m\u00eame.<\/p><p>10.2 Jimo - Cooling Technologie ne peut toutefois pas garantir que les mesures de s\u00e9curit\u00e9 adopt\u00e9es pour la protection de ce site web et pour la transmission de donn\u00e9es et d'informations via ce site web emp\u00eacheront ou excluront tout risque d'acc\u00e8s non autoris\u00e9 ou de perte de donn\u00e9es. Nous conseillons donc que votre ordinateur soit \u00e9quip\u00e9 de dispositifs logiciels qui vous prot\u00e8gent lors de la transmission et de la r\u00e9ception de donn\u00e9es (tels que des syst\u00e8mes antivirus \u00e0 jour), et que votre navigateur prenne des mesures appropri\u00e9es pour assurer la s\u00e9curit\u00e9 lors de la transmission de donn\u00e9es (tels que des firewalls et des filtres anti-spam).<\/p><h3>11. CONSERVATION DES DONN\u00c9ES<\/h3><p>11.1 Vos donn\u00e9es seront conserv\u00e9es par Jimo - Cooling Technologie aux fins d\u00e9crites ici aussi longtemps que n\u00e9cessaire aux fins susmentionn\u00e9es, \u00e0 moins que les donn\u00e9es personnelles en question ne soient n\u00e9cessaires pour prouver l'ex\u00e9cution d'obligations, jusqu'\u00e0 ce que le d\u00e9lai de prescription des droits correspondants soit \u00e9coul\u00e9, ou si une p\u00e9riode de conservation des donn\u00e9es plus longue est impos\u00e9e par la loi.<\/p><p>11.2 Lorsque vos donn\u00e9es \u00e0 caract\u00e8re personnel ne sont plus n\u00e9cessaires, elles sont supprim\u00e9es de nos syst\u00e8mes et de nos dossiers ou conserv\u00e9es sous forme anonyme, de sorte que vous ne puissiez pas \u00eatre identifi\u00e9 \u00e0 partir de ces donn\u00e9es.<\/p>\t\t\t\t\t\t\t\t<\/div>\n\t\t\t\t<\/div>\n\t\t\t\t\t<\/div>\n\t\t\t\t<\/div>\n\t\t\t\t<\/div>","protected":false},"excerpt":{"rendered":"<p>Pol\u00edtica de privacidade In\u00edcio \/ P\u00e1gina A \u201cJIMO \u2013 Cooling Technology\u201d reconhece a import\u00e2ncia de proteger os seus dados pessoais, qualquer que [&hellip;]<\/p>\n","protected":false},"author":1,"featured_media":0,"parent":0,"menu_order":0,"comment_status":"closed","ping_status":"closed","template":"","meta":{"footnotes":""},"class_list":["post-4931","page","type-page","status-publish","hentry"],"_links":{"self":[{"href":"https:\/\/jimo.pt\/fr\/wp-json\/wp\/v2\/pages\/4931","targetHints":{"allow":["GET"]}}],"collection":[{"href":"https:\/\/jimo.pt\/fr\/wp-json\/wp\/v2\/pages"}],"about":[{"href":"https:\/\/jimo.pt\/fr\/wp-json\/wp\/v2\/types\/page"}],"author":[{"embeddable":true,"href":"https:\/\/jimo.pt\/fr\/wp-json\/wp\/v2\/users\/1"}],"replies":[{"embeddable":true,"href":"https:\/\/jimo.pt\/fr\/wp-json\/wp\/v2\/comments?post=4931"}],"version-history":[{"count":4,"href":"https:\/\/jimo.pt\/fr\/wp-json\/wp\/v2\/pages\/4931\/revisions"}],"predecessor-version":[{"id":4939,"href":"https:\/\/jimo.pt\/fr\/wp-json\/wp\/v2\/pages\/4931\/revisions\/4939"}],"wp:attachment":[{"href":"https:\/\/jimo.pt\/fr\/wp-json\/wp\/v2\/media?parent=4931"}],"curies":[{"name":"wp","href":"https:\/\/api.w.org\/{rel}","templated":true}]}}